{"id":11,"date":"2020-10-05T08:31:58","date_gmt":"2020-10-05T08:31:58","guid":{"rendered":"https:\/\/ponteshare.ddns.net\/clients\/abosshartschreinerei\/?page_id=11"},"modified":"2024-01-31T07:46:53","modified_gmt":"2024-01-31T07:46:53","slug":"kontakt","status":"publish","type":"page","link":"https:\/\/abosshartschreinerei.ch\/index.php\/kontakt\/","title":{"rendered":"Kontakt"},"content":{"rendered":"<div data-label=\"Contact\" data-id=\"contact--1\" data-export-id=\"contact-5-materialis\" data-category=\"contact\" class=\"contact-5-materialis content-section content-section-spacing-large\" id=\"contact-1\"  style=\"background-color: rgb(245, 250, 253);\"><div class=\"gridContainer\" > <div class=\"row content-left-sm middle-sm\" ><div class=\"col-xs-12 col-sm-7 contact-form-wrapper inline-info space-bottom-xs-large\" data-type=\"column\" >  <div class=\"\" data-content-shortcode=\"materialis_contact_form shortcode=&quot;contact-form-7 id=&amp;amp;quot;f1e8747&amp;amp;quot; title=&amp;amp;quot;Kontaktformular 1&amp;amp;quot;&quot;\" data-editable=\"true\" >\n<div class=\"wpcf7 no-js\" id=\"wpcf7-f5-o1\" lang=\"de-CH\" dir=\"ltr\" data-wpcf7-id=\"5\">\n<div class=\"screen-reader-response\"><p role=\"status\" aria-live=\"polite\" aria-atomic=\"true\"><\/p> <ul><\/ul><\/div>\n<form action=\"\/index.php\/wp-json\/wp\/v2\/pages\/11#wpcf7-f5-o1\" method=\"post\" class=\"wpcf7-form init\" aria-label=\"Contact form\" novalidate=\"novalidate\" data-status=\"init\">\n<fieldset class=\"hidden-fields-container\"><input type=\"hidden\" name=\"_wpcf7\" value=\"5\" \/><input type=\"hidden\" name=\"_wpcf7_version\" value=\"6.1.5\" \/><input type=\"hidden\" name=\"_wpcf7_locale\" value=\"de_CH\" \/><input type=\"hidden\" name=\"_wpcf7_unit_tag\" value=\"wpcf7-f5-o1\" \/><input type=\"hidden\" name=\"_wpcf7_container_post\" value=\"0\" \/><input type=\"hidden\" name=\"_wpcf7_posted_data_hash\" value=\"\" \/><input type=\"hidden\" name=\"_wpcf7_recaptcha_response\" value=\"\" \/>\n<\/fieldset>\n<p><label> Ihr Name (erforderlich)<br \/>\n<span class=\"wpcf7-form-control-wrap\" data-name=\"your-name\"><input size=\"40\" maxlength=\"400\" class=\"wpcf7-form-control wpcf7-text wpcf7-validates-as-required\" aria-required=\"true\" aria-invalid=\"false\" value=\"\" type=\"text\" name=\"your-name\" \/><\/span> <\/label>\n<\/p>\n<p><label> Ihre E-Mail (erforderlich)<br \/>\n<span class=\"wpcf7-form-control-wrap\" data-name=\"your-email\"><input size=\"40\" maxlength=\"400\" class=\"wpcf7-form-control wpcf7-email wpcf7-validates-as-required wpcf7-text wpcf7-validates-as-email\" aria-required=\"true\" aria-invalid=\"false\" value=\"\" type=\"email\" name=\"your-email\" \/><\/span> <\/label>\n<\/p>\n<p><label> Betreff<br \/>\n<span class=\"wpcf7-form-control-wrap\" data-name=\"your-subject\"><input size=\"40\" maxlength=\"400\" class=\"wpcf7-form-control wpcf7-text\" aria-invalid=\"false\" value=\"\" type=\"text\" name=\"your-subject\" \/><\/span> <\/label>\n<\/p>\n<p><label> Ihre Nachricht<br \/>\n<span class=\"wpcf7-form-control-wrap\" data-name=\"your-message\"><textarea cols=\"40\" rows=\"10\" maxlength=\"2000\" class=\"wpcf7-form-control wpcf7-textarea\" aria-invalid=\"false\" name=\"your-message\"><\/textarea><\/span> <\/label>\n<\/p>\n<p><input class=\"wpcf7-form-control wpcf7-submit has-spinner\" type=\"submit\" value=\"Senden\" \/>\n<\/p><div class=\"wpcf7-response-output\" aria-hidden=\"true\"><\/div>\n<\/form>\n<\/div>\n<\/div><\/div> <div class=\"col-xs-12 col-sm-4 col-sm-offset-1 space-bottom-xs\" data-type=\"column\" ><h3 class=\"\"  data-lt-tmp-id=\"lt-132825\" data-gramm=\"false\">Holz sei Dank!<\/h3> <p class=\"space-bottom-small\"  data-lt-tmp-id=\"lt-225000\" data-gramm=\"false\">Dank Holz kann auf die unterschiedlichsten W\u00fcnsche wie Format, Form, Farbe und Struktur eingegangen werden.<br >\nEin pers\u00f6nliches Gespr\u00e4ch hilft uns, Ihre Bed\u00fcrfnisse zu erkennen. Lassen Sie uns gemeinsam etwas ganz Besonderes und Einmaliges erschaffen.<\/p> <div class=\"social-icons-group space-bottom-small\" data-type=\"group\" > <a href=\"mailto:a.bosshart@vtxmail.ch\" target=\"_self\" rel=\"noopener\"> <i class=\"mdi mdi-email color-gray\" ><\/i><\/a> <a href=\"tel:+41 79 405 51 04\" target=\"_self\" rel=\"noopener\"><i class=\"mdi mdi-cellphone color-gray\" ><\/i><\/a> <a href=\"#\" target=\"_self\" data-reiki-hidden=\"true\" rel=\"noopener\"><i class=\"mdi mdi-instagram color-gray\" ><\/i><\/a> <a href=\"#\" target=\"_self\" data-reiki-hidden=\"true\" rel=\"noopener\"><i class=\"mdi mdi-rss color-gray\" ><\/i><\/a> <\/div><\/div> <\/div><\/div> <\/div>","protected":false},"excerpt":{"rendered":"","protected":false},"author":1,"featured_media":0,"parent":0,"menu_order":0,"comment_status":"closed","ping_status":"closed","template":"pro\/page-templates\/full-width-page.php","meta":{"footnotes":""},"class_list":["post-11","page","type-page","status-publish","hentry"],"_links":{"self":[{"href":"https:\/\/abosshartschreinerei.ch\/index.php\/wp-json\/wp\/v2\/pages\/11","targetHints":{"allow":["GET"]}}],"collection":[{"href":"https:\/\/abosshartschreinerei.ch\/index.php\/wp-json\/wp\/v2\/pages"}],"about":[{"href":"https:\/\/abosshartschreinerei.ch\/index.php\/wp-json\/wp\/v2\/types\/page"}],"author":[{"embeddable":true,"href":"https:\/\/abosshartschreinerei.ch\/index.php\/wp-json\/wp\/v2\/users\/1"}],"replies":[{"embeddable":true,"href":"https:\/\/abosshartschreinerei.ch\/index.php\/wp-json\/wp\/v2\/comments?post=11"}],"version-history":[{"count":9,"href":"https:\/\/abosshartschreinerei.ch\/index.php\/wp-json\/wp\/v2\/pages\/11\/revisions"}],"predecessor-version":[{"id":265,"href":"https:\/\/abosshartschreinerei.ch\/index.php\/wp-json\/wp\/v2\/pages\/11\/revisions\/265"}],"wp:attachment":[{"href":"https:\/\/abosshartschreinerei.ch\/index.php\/wp-json\/wp\/v2\/media?parent=11"}],"curies":[{"name":"wp","href":"https:\/\/api.w.org\/{rel}","templated":true}]}}