{"id":13,"date":"2020-10-05T08:32:09","date_gmt":"2020-10-05T08:32:09","guid":{"rendered":"https:\/\/ponteshare.ddns.net\/clients\/abosshartschreinerei\/?page_id=13"},"modified":"2020-10-12T14:29:24","modified_gmt":"2020-10-12T14:29:24","slug":"produkte","status":"publish","type":"page","link":"https:\/\/abosshartschreinerei.ch\/index.php\/produkte\/","title":{"rendered":"Produkte"},"content":{"rendered":"\n<div class=\"wp-block-columns is-layout-flex wp-container-core-columns-is-layout-9d6595d7 wp-block-columns-is-layout-flex\">\n<div class=\"wp-block-column is-layout-flow wp-block-column-is-layout-flow\">\n<h2 class=\"has-text-align-center wp-block-heading\">Altholzm\u00f6bel<\/h2>\n\n\n\n<div class=\"wp-block-image\"><figure class=\"aligncenter size-medium\"><img loading=\"lazy\" decoding=\"async\" width=\"300\" height=\"185\" src=\"https:\/\/ponteshare.ddns.net\/clients\/abosshartschreinerei\/wp-content\/uploads\/2020\/10\/Lavabo_Ausstellung-300x185.jpeg\" alt=\"\" class=\"wp-image-44\" srcset=\"https:\/\/abosshartschreinerei.ch\/wp-content\/uploads\/2020\/10\/Lavabo_Ausstellung-300x185.jpeg 300w, https:\/\/abosshartschreinerei.ch\/wp-content\/uploads\/2020\/10\/Lavabo_Ausstellung-1024x630.jpeg 1024w, https:\/\/abosshartschreinerei.ch\/wp-content\/uploads\/2020\/10\/Lavabo_Ausstellung-768x473.jpeg 768w, https:\/\/abosshartschreinerei.ch\/wp-content\/uploads\/2020\/10\/Lavabo_Ausstellung.jpeg 1300w\" sizes=\"auto, (max-width: 300px) 100vw, 300px\" \/><\/figure><\/div>\n\n\n\n<p class=\"has-text-align-center\">Altholzm\u00f6bel mit Geschichte sind im Trend.<\/p>\n\n\n\n<p class=\"has-text-align-center\">Sie wollen Geschichte und Modernit\u00e4t zugleich? Altholz wurde schon einmal verwendet. Sei es f\u00fcr ein Haus, ein Dach, oder auch ein M\u00f6bel.<br>Es ist mindestens 100 j\u00e4hrig und bringt eine eigene Geschichte mit sich.<br>Die Vorz\u00fcge sind unverkennbar.<\/p>\n\n\n\n<div style=\"height:20px\" aria-hidden=\"true\" class=\"wp-block-spacer\"><\/div>\n<\/div>\n\n\n\n<div class=\"wp-block-column is-layout-flow wp-block-column-is-layout-flow\">\n<h2 class=\"has-text-align-center wp-block-heading\">Individuelle Inneneinrichtungen<\/h2>\n\n\n\n<div class=\"wp-block-image\"><figure class=\"aligncenter size-medium\"><img loading=\"lazy\" decoding=\"async\" width=\"300\" height=\"185\" src=\"https:\/\/ponteshare.ddns.net\/clients\/abosshartschreinerei\/wp-content\/uploads\/2020\/10\/Lavabo_Badzimmer_Hell-300x185.jpeg\" alt=\"\" class=\"wp-image-46\" srcset=\"https:\/\/abosshartschreinerei.ch\/wp-content\/uploads\/2020\/10\/Lavabo_Badzimmer_Hell-300x185.jpeg 300w, https:\/\/abosshartschreinerei.ch\/wp-content\/uploads\/2020\/10\/Lavabo_Badzimmer_Hell-1024x630.jpeg 1024w, https:\/\/abosshartschreinerei.ch\/wp-content\/uploads\/2020\/10\/Lavabo_Badzimmer_Hell-768x473.jpeg 768w, https:\/\/abosshartschreinerei.ch\/wp-content\/uploads\/2020\/10\/Lavabo_Badzimmer_Hell.jpeg 1300w\" sizes=\"auto, (max-width: 300px) 100vw, 300px\" \/><\/figure><\/div>\n\n\n\n<p class=\"has-text-align-center\">Sie w\u00fcnschen ein spezielles Inneneinrichtungsm\u00f6bel? Dabei sind keine Grenzen gesetzt. <\/p>\n\n\n\n<p class=\"has-text-align-center\">Nach Mass fertigen wir M\u00f6bel nach Ihren Vorstellungen an. Sei es f\u00fcr Ihr Studio, f\u00fcr das Bade-\/, Schlaf-\/, sowie auch Wohnzimmer.<\/p>\n\n\n\n<div style=\"height:20px\" aria-hidden=\"true\" class=\"wp-block-spacer\"><\/div>\n<\/div>\n<\/div>\n\n\n\n<div class=\"wp-block-columns is-layout-flex wp-container-core-columns-is-layout-9d6595d7 wp-block-columns-is-layout-flex\">\n<div class=\"wp-block-column is-layout-flow wp-block-column-is-layout-flow\">\n<h2 class=\"has-text-align-center wp-block-heading\">Reparaturen und Restaurationen<\/h2>\n\n\n\n<div class=\"wp-block-image\"><figure class=\"aligncenter size-medium\"><img loading=\"lazy\" decoding=\"async\" width=\"300\" height=\"185\" src=\"https:\/\/ponteshare.ddns.net\/clients\/abosshartschreinerei\/wp-content\/uploads\/2020\/10\/Spiegel_Blumen-300x185.jpeg\" alt=\"\" class=\"wp-image-54\" srcset=\"https:\/\/abosshartschreinerei.ch\/wp-content\/uploads\/2020\/10\/Spiegel_Blumen-300x185.jpeg 300w, https:\/\/abosshartschreinerei.ch\/wp-content\/uploads\/2020\/10\/Spiegel_Blumen-1024x630.jpeg 1024w, https:\/\/abosshartschreinerei.ch\/wp-content\/uploads\/2020\/10\/Spiegel_Blumen-768x473.jpeg 768w, https:\/\/abosshartschreinerei.ch\/wp-content\/uploads\/2020\/10\/Spiegel_Blumen.jpeg 1300w\" sizes=\"auto, (max-width: 300px) 100vw, 300px\" \/><\/figure><\/div>\n\n\n\n<p class=\"has-text-align-center\">Eine sanfte Renovation l\u00e4sst Antikes wieder neu erstrahlen und die Freude am Alten ist wieder unbegrenzt.<\/p>\n\n\n\n<div style=\"height:20px\" aria-hidden=\"true\" class=\"wp-block-spacer\"><\/div>\n<\/div>\n\n\n\n<div class=\"wp-block-column is-layout-flow wp-block-column-is-layout-flow\">\n<h2 class=\"has-text-align-center wp-block-heading\">B\u00f6den oder T\u00fcren<\/h2>\n\n\n\n<div class=\"wp-block-image\"><figure class=\"aligncenter size-medium\"><img loading=\"lazy\" decoding=\"async\" width=\"300\" height=\"185\" src=\"https:\/\/ponteshare.ddns.net\/clients\/abosshartschreinerei\/wp-content\/uploads\/2020\/10\/Boden_Parkett_Bezeichnen-300x185.jpg\" alt=\"\" class=\"wp-image-39\" srcset=\"https:\/\/abosshartschreinerei.ch\/wp-content\/uploads\/2020\/10\/Boden_Parkett_Bezeichnen-300x185.jpg 300w, https:\/\/abosshartschreinerei.ch\/wp-content\/uploads\/2020\/10\/Boden_Parkett_Bezeichnen-1024x630.jpg 1024w, https:\/\/abosshartschreinerei.ch\/wp-content\/uploads\/2020\/10\/Boden_Parkett_Bezeichnen-768x473.jpg 768w, https:\/\/abosshartschreinerei.ch\/wp-content\/uploads\/2020\/10\/Boden_Parkett_Bezeichnen.jpg 1300w\" sizes=\"auto, (max-width: 300px) 100vw, 300px\" \/><\/figure><\/div>\n\n\n\n<p class=\"has-text-align-center\">Sie ben\u00f6tigen einen neuen Boden, oder eine neue T\u00fcre? Gerne sind wir Ihnen bei der Auswahl des Holzes behilflich und verlegen montieren dieses wunschgem\u00e4ss in jedes gew\u00fcnschte Zimmer.<br>Holz ist langlebig und gibt ein exklusives Wohlgef\u00fchl.<\/p>\n\n\n\n<div style=\"height:20px\" aria-hidden=\"true\" class=\"wp-block-spacer\"><\/div>\n<\/div>\n<\/div>\n\n\n\n<hr class=\"wp-block-separator\"\/>\n\n\n\n<div class=\"wp-block-columns is-layout-flex wp-container-core-columns-is-layout-9d6595d7 wp-block-columns-is-layout-flex\">\n<div class=\"wp-block-column is-layout-flow wp-block-column-is-layout-flow\">\n<p>Schauen Sie sich einige Beispiele aktueller Arbeiten an und lassen Sie sich von den endlosen M\u00f6glichkeiten inspirieren.<\/p>\n\n\n\n<div class=\"wp-block-buttons is-layout-flex wp-block-buttons-is-layout-flex\">\n<div class=\"wp-block-button\"><a class=\"wp-block-button__link\" href=\"\/index.php\/gallerie\">Gallerie<\/a><\/div>\n<\/div>\n<\/div>\n\n\n\n<div class=\"wp-block-column is-layout-flow wp-block-column-is-layout-flow\">\n<p>Ein pers\u00f6nliches Gespr\u00e4ch hilft uns, Ihre Bed\u00fcrfnisse zu erkennen.<br>Lassen Sie uns gemeinsam etwas ganz Besonderes und Einmaliges erschaffen.<\/p>\n\n\n\n<div class=\"wp-block-buttons is-layout-flex wp-block-buttons-is-layout-flex\">\n<div class=\"wp-block-button\"><a class=\"wp-block-button__link\" href=\"\/index.php\/kontakt\/\">Kontakt<\/a><\/div>\n<\/div>\n\n\n\n<div style=\"height:20px\" aria-hidden=\"true\" class=\"wp-block-spacer\"><\/div>\n<\/div>\n<\/div>\n\n\n\n<p><\/p>\n","protected":false},"excerpt":{"rendered":"<p>Altholzm\u00f6bel Altholzm\u00f6bel mit Geschichte sind im Trend. Sie wollen Geschichte und Modernit\u00e4t zugleich? Altholz wurde schon einmal verwendet. Sei es f\u00fcr ein Haus, ein Dach, oder auch ein M\u00f6bel.Es ist mindestens 100 j\u00e4hrig und bringt eine eigene Geschichte mit sich.Die Vorz\u00fcge sind unverkennbar. Individuelle Inneneinrichtungen Sie w\u00fcnschen ein spezielles Inneneinrichtungsm\u00f6bel? Dabei sind keine Grenzen gesetzt.&nbsp;&hellip;<\/p>\n","protected":false},"author":1,"featured_media":0,"parent":0,"menu_order":0,"comment_status":"closed","ping_status":"closed","template":"","meta":{"footnotes":""},"class_list":["post-13","page","type-page","status-publish","hentry"],"_links":{"self":[{"href":"https:\/\/abosshartschreinerei.ch\/index.php\/wp-json\/wp\/v2\/pages\/13","targetHints":{"allow":["GET"]}}],"collection":[{"href":"https:\/\/abosshartschreinerei.ch\/index.php\/wp-json\/wp\/v2\/pages"}],"about":[{"href":"https:\/\/abosshartschreinerei.ch\/index.php\/wp-json\/wp\/v2\/types\/page"}],"author":[{"embeddable":true,"href":"https:\/\/abosshartschreinerei.ch\/index.php\/wp-json\/wp\/v2\/users\/1"}],"replies":[{"embeddable":true,"href":"https:\/\/abosshartschreinerei.ch\/index.php\/wp-json\/wp\/v2\/comments?post=13"}],"version-history":[{"count":13,"href":"https:\/\/abosshartschreinerei.ch\/index.php\/wp-json\/wp\/v2\/pages\/13\/revisions"}],"predecessor-version":[{"id":202,"href":"https:\/\/abosshartschreinerei.ch\/index.php\/wp-json\/wp\/v2\/pages\/13\/revisions\/202"}],"wp:attachment":[{"href":"https:\/\/abosshartschreinerei.ch\/index.php\/wp-json\/wp\/v2\/media?parent=13"}],"curies":[{"name":"wp","href":"https:\/\/api.w.org\/{rel}","templated":true}]}}