{"id":216,"date":"2021-05-01T16:27:25","date_gmt":"2021-05-01T16:27:25","guid":{"rendered":"https:\/\/abosshartschreinerei.ch\/index.php\/materialis\/"},"modified":"2024-01-31T07:40:24","modified_gmt":"2024-01-31T07:40:24","slug":"materialis","status":"publish","type":"page","link":"https:\/\/abosshartschreinerei.ch\/","title":{"rendered":"Front Page"},"content":{"rendered":"<div  data-label=\"Overlappable\" data-id=\"overlappable--1\" data-export-id=\"overlappable-4\" data-category=\"overlappable\" class=\"overlappable-4 content-section content-section-spacing-large\" data-overlap=\"true\" id=\"overlappable-1\" style=\"background-color: rgb(255, 255, 255);\"><div  class=\"gridContainer\"> <div  data-type=\"row\" class=\"row spaced-cols text-center\"><div  class=\"col-xs-12 col-sm-4 col-md-3 \"> <i  class=\"mdi icon aligncenter mdi-home reverse round large color1\"><\/i> <div  data-type=\"column\" class=\"\"> <h5  class=\"\">Individuelle Inneneinrichtungen<\/h5> <p  class=\"\">Sie w\u00fcnschen ein M\u00f6bel, ein Boden, oder eine neue T\u00fcre? Dabei sind wir Ihnen gerne behilflich<\/p><\/div> <\/div> <div  class=\"col-xs-12 col-sm-4 col-md-3 \"> <i  class=\"mdi icon aligncenter mdi-hotel reverse round large color1\"><\/i> <div  data-type=\"column\" class=\"\"><h5  class=\"\">Altholzm\u00f6bel<\/h5> <p  class=\"\">Sie wollen Geschichte und Modernit\u00e4t zugleich? Die Vorz\u00fcge sind unverkennbar.<\/p><\/div> <\/div> <div  class=\"col-xs-12 col-sm-4 col-md-3 \"> <i  class=\"mdi icon aligncenter mdi-cached reverse round large color1\"><\/i> <div  data-type=\"column\" class=\"\"><h5  class=\"\">Reparaturen und Restaurationen<\/h5> <p  class=\"\">Eine sanfte Renovation l\u00e4sst Antikes wieder neu erstrahlen und die Freude am Alten ist wieder unbegrenzt.<\/p><\/div> <\/div><div  class=\"col-xs-12 col-sm-4 col-md-3 \"> <i  class=\"mdi icon aligncenter mdi-gift reverse round large color1\"><\/i> <div  data-type=\"column\" class=\"\"> <h5  class=\"\">Geschenkideen<\/h5> <p  class=\"\">Geschenkideen von klein bis gross<\/p><\/div> <\/div><\/div> <\/div><\/div><div  data-label=\"About\" data-id=\"about--1\" data-export-id=\"about-1\" data-category=\"about\" class=\"about-1 content-section content-section-spacing-large\" id=\"about-1\" style=\"background-color: rgb(255, 255, 255); background-image: none;\"><div  class=\"gridContainer\"> <div  class=\"row col-xs-12\"><div  class=\"section-title-col\" data-type=\"column\"> <h5  class=\"\">Willkommen<\/h5> <h2  class=\"\"><span  style=\"font-family: Roboto, arial, helvetica, sans-serif;\">Das Schreiner-Handwerk aus Leidenschaft<\/span><span  id=\"_mce_caret\" data-mce-bogus=\"1\" data-mce-type=\"format-caret\">\ufeff<\/span><\/h2> <p  class=\"lead\">Seit mehreren Jahrzehnten steht die AB Bosshart Schreinerei f\u00fcr h\u00f6chste Qualit\u00e4t und individuelle L\u00f6sungen wenn es um M\u00f6belbau, Reparaturen, Altholzm\u00f6bel im Innen- oder Aussenbereich geht. In 1972 \u00fcbernahm Alfred Bosshart das Familienunternehmen und f\u00fchrte es bis 1999 mit grosser handwerklicher Leidenschaft. Seit 1999 ist nun Andreas Bosshart in die Fussstapfen des Vaters getreten und hat das Unternehmen noch mehr aus- und aufgebaut.<\/p><\/div> <\/div> <div  class=\"row col-xs-12\"> <div  class=\"button-holder space-bottom space-bottom-small\" data-type=\"column\"> <\/div> <div  class=\"col-xs bottom-xs flexbox image-group-bottom-3-img center-xs\"> <img  decoding=\"async\" class=\"left-img mdc-elevation--z10 rounded-topleft-topright\" data-size=\"400x275\" src=\"https:\/\/abosshartschreinerei.ch\/wp-content\/uploads\/2020\/10\/cropped-cropped-Prezisionsarbeit_Bearbeitung-3.jpg\"> <img  decoding=\"async\" class=\"center-img mdc-elevation--z10 rounded-topleft-topright\" data-size=\"500x325\" src=\"https:\/\/abosshartschreinerei.ch\/wp-content\/uploads\/2020\/10\/cropped-cropped-abosshart_schild-scaled-2.jpeg\"> <img  decoding=\"async\" class=\"right-img mdc-elevation--z10 rounded-topleft-topright\" data-size=\"400x275\" src=\"https:\/\/abosshartschreinerei.ch\/wp-content\/uploads\/2020\/10\/cropped-cropped-Holz_Bearbeitung_Beschriften-5.jpg\"><\/div> <\/div><\/div> <\/div><div  data-label=\"About\" data-id=\"about--2\" data-export-id=\"about-4\" data-category=\"about\" class=\"about-4 content-section content-section-spacing-large\" id=\"about-2\" style=\"background-color: rgb(255, 255, 255);\"><div  class=\"gridContainer\"> <div  class=\"row middle-sm text-center\"><div  class=\"col-sm-5 space-bottom-xs\" data-type=\"column\"> <h2  class=\"\">Geht nicht \u2013 gibts nicht!<\/h2> <p  class=\"\">Mit dem Kunden zusammen werden individuelle L\u00f6sungen erarbeitet und in enger Abstimmung umgesetzt.<br >\nSchauen Sie sich einige Beispiele aktueller Arbeiten an und lassen Sie sich von den endlosen M\u00f6glichkeiten inspirieren.<\/p> <a class=\"button big null color1 mdc-ripple-upgraded\" href=\"https:\/\/abosshartschreinerei.ch\/index.php\/gallerie\" target=\"_self\" data-cp-link=\"1\" data-icon=\"\" rel=\"noopener\">Gallerie<\/a><\/div> <div  class=\"col-sm-7 flexbox center-xs middle-xs image-group-2-img padding-top-bottom\"> <img  decoding=\"async\" class=\"img-1 rounded mdc-elevation--z10\" data-size=\"250x200\" src=\"https:\/\/abosshartschreinerei.ch\/wp-content\/uploads\/2020\/10\/cropped-cropped-cropped-AC20A711-1737-4798-AC96-F381723095A8-scaled-1.jpeg\"> <img  decoding=\"async\" class=\"img-2 rounded mdc-elevation--z10\" data-size=\"220x170\" src=\"https:\/\/abosshartschreinerei.ch\/wp-content\/uploads\/2020\/10\/cropped-ED9A84BE-BEEF-4B84-8E60-36A7A3F86A4D-scaled-2.jpeg\"><\/div> <\/div><\/div> <\/div><div  data-label=\"Contact\" data-id=\"contact--1\" data-export-id=\"contact-1\" data-category=\"contact\" class=\"contact-1 content-section content-section-spacing-large content-relative white-text\" data-parallax-depth=\"20\" id=\"contact-1\" style=\"background-color: rgb(245, 250, 253);\"><div  class=\"gridContainer\"> <div  class=\"row text-center\"><div  class=\"section-title-col\" data-type=\"column\"> <h2  class=\"\">Kontakt<\/h2> <p  class=\"lead\">Nehmen Sie mit uns Kontakt auf, gerne besprechen wir mit Ihnen auch Ihr Vorhaben, ihre W\u00fcnsche und Tr\u00e4ume wenn es um Holzbau geht.<\/p><\/div> <\/div> <div  class=\"row text-center\"> <div  class=\"col-xs-12 col-sm-8 col-sm-offset-2 contact-form-wrapper inline-info\"> <div  class=\"card mdc-elevation--z3 col-padding-top\"> <div  class=\"dark-text\" data-content-shortcode=\"materialis_contact_form shortcode=&quot;contact-form-7 id=&amp;amp;quot;5&amp;amp;quot; title=&amp;amp;quot;Kontaktformular 1&amp;amp;quot;&quot;\" data-editable=\"true\">\n<div class=\"wpcf7 no-js\" id=\"wpcf7-f5-o1\" lang=\"de-CH\" dir=\"ltr\" data-wpcf7-id=\"5\">\n<div class=\"screen-reader-response\"><p role=\"status\" aria-live=\"polite\" aria-atomic=\"true\"><\/p> <ul><\/ul><\/div>\n<form action=\"\/index.php\/wp-json\/wp\/v2\/pages\/216#wpcf7-f5-o1\" method=\"post\" class=\"wpcf7-form init\" aria-label=\"Contact form\" novalidate=\"novalidate\" data-status=\"init\">\n<fieldset class=\"hidden-fields-container\"><input type=\"hidden\" name=\"_wpcf7\" value=\"5\" \/><input type=\"hidden\" name=\"_wpcf7_version\" value=\"6.1.5\" \/><input type=\"hidden\" name=\"_wpcf7_locale\" value=\"de_CH\" \/><input type=\"hidden\" name=\"_wpcf7_unit_tag\" value=\"wpcf7-f5-o1\" \/><input type=\"hidden\" name=\"_wpcf7_container_post\" value=\"0\" \/><input type=\"hidden\" name=\"_wpcf7_posted_data_hash\" value=\"\" \/><input type=\"hidden\" name=\"_wpcf7_recaptcha_response\" value=\"\" \/>\n<\/fieldset>\n<p><label> Ihr Name (erforderlich)<br \/>\n<span class=\"wpcf7-form-control-wrap\" data-name=\"your-name\"><input size=\"40\" maxlength=\"400\" class=\"wpcf7-form-control wpcf7-text wpcf7-validates-as-required\" aria-required=\"true\" aria-invalid=\"false\" value=\"\" type=\"text\" name=\"your-name\" \/><\/span> <\/label>\n<\/p>\n<p><label> Ihre E-Mail (erforderlich)<br \/>\n<span class=\"wpcf7-form-control-wrap\" data-name=\"your-email\"><input size=\"40\" maxlength=\"400\" class=\"wpcf7-form-control wpcf7-email wpcf7-validates-as-required wpcf7-text wpcf7-validates-as-email\" aria-required=\"true\" aria-invalid=\"false\" value=\"\" type=\"email\" name=\"your-email\" \/><\/span> <\/label>\n<\/p>\n<p><label> Betreff<br \/>\n<span class=\"wpcf7-form-control-wrap\" data-name=\"your-subject\"><input size=\"40\" maxlength=\"400\" class=\"wpcf7-form-control wpcf7-text\" aria-invalid=\"false\" value=\"\" type=\"text\" name=\"your-subject\" \/><\/span> <\/label>\n<\/p>\n<p><label> Ihre Nachricht<br \/>\n<span class=\"wpcf7-form-control-wrap\" data-name=\"your-message\"><textarea cols=\"40\" rows=\"10\" maxlength=\"2000\" class=\"wpcf7-form-control wpcf7-textarea\" aria-invalid=\"false\" name=\"your-message\"><\/textarea><\/span> <\/label>\n<\/p>\n<p><input class=\"wpcf7-form-control wpcf7-submit has-spinner\" type=\"submit\" value=\"Senden\" \/>\n<\/p><div class=\"wpcf7-response-output\" aria-hidden=\"true\"><\/div>\n<\/form>\n<\/div>\n<\/div><\/div> <\/div><\/div> <\/div><\/div>","protected":false},"excerpt":{"rendered":"","protected":false},"author":1,"featured_media":0,"parent":0,"menu_order":0,"comment_status":"closed","ping_status":"closed","template":"page-templates\/homepage.php","meta":{"footnotes":""},"class_list":["post-216","page","type-page","status-publish","hentry"],"_links":{"self":[{"href":"https:\/\/abosshartschreinerei.ch\/index.php\/wp-json\/wp\/v2\/pages\/216","targetHints":{"allow":["GET"]}}],"collection":[{"href":"https:\/\/abosshartschreinerei.ch\/index.php\/wp-json\/wp\/v2\/pages"}],"about":[{"href":"https:\/\/abosshartschreinerei.ch\/index.php\/wp-json\/wp\/v2\/types\/page"}],"author":[{"embeddable":true,"href":"https:\/\/abosshartschreinerei.ch\/index.php\/wp-json\/wp\/v2\/users\/1"}],"replies":[{"embeddable":true,"href":"https:\/\/abosshartschreinerei.ch\/index.php\/wp-json\/wp\/v2\/comments?post=216"}],"version-history":[{"count":12,"href":"https:\/\/abosshartschreinerei.ch\/index.php\/wp-json\/wp\/v2\/pages\/216\/revisions"}],"predecessor-version":[{"id":260,"href":"https:\/\/abosshartschreinerei.ch\/index.php\/wp-json\/wp\/v2\/pages\/216\/revisions\/260"}],"wp:attachment":[{"href":"https:\/\/abosshartschreinerei.ch\/index.php\/wp-json\/wp\/v2\/media?parent=216"}],"curies":[{"name":"wp","href":"https:\/\/api.w.org\/{rel}","templated":true}]}}