{"id":6,"date":"2020-10-05T08:31:07","date_gmt":"2020-10-05T08:31:07","guid":{"rendered":"https:\/\/ponteshare.ddns.net\/clients\/abosshartschreinerei\/index.php\/mesmerize\/"},"modified":"2021-03-08T15:56:53","modified_gmt":"2021-03-08T15:56:53","slug":"startseite","status":"publish","type":"page","link":"https:\/\/abosshartschreinerei.ch\/index.php\/startseite\/","title":{"rendered":"Startseite"},"content":{"rendered":"<div id=\"overlappable-4\" style=\"background-color: #ffffff;\" data-label=\"Overlappable\" data-id=\"overlappable-4\" data-export-id=\"overlappable-4\" data-category=\"overlappable\" class=\"overlappable-4 content-section content-section-spacing\" data-overlap=\"true\">\n<div class=\"gridContainer\">\n<div data-type=\"row\" class=\"row spaced-cols text-center\">\n<div class=\"col-xs-12 col-sm-4 col-padding col-md-3 \"> <i class=\"fa icon shadow-large-black aligncenter color1 fa-home reverse round large\"><\/i><\/p>\n<div data-type=\"column\" class=\"\">\n<h5 class=\"\">Individuelle Inneneinrichtungen<\/h5>\n<p class=\"\">Sie w\u00fcnschen ein M\u00f6bel, ein Boden, oder eine neue T\u00fcre?<\/p>\n<p>Dabei sind wir Ihnen gerne behilflich<\/p>\n<\/div>\n<\/div>\n<div class=\"col-xs-12 col-sm-4 col-padding col-md-3 \"> <i class=\"fa icon shadow-large-black aligncenter color1 fa-bed reverse round large\"><\/i><\/p>\n<div data-type=\"column\" class=\"\">\n<h5 class=\"\">Altholzm\u00f6bel<\/h5>\n<p class=\"\">Sie wollen Geschichte und Modernit\u00e4t zugleich? Die Vorz\u00fcge sind unverkennbar.<\/p>\n<\/div>\n<\/div>\n<div class=\"col-xs-12 col-sm-4 col-padding col-md-3 \"> <i class=\"fa icon shadow-large-black aligncenter color1 fa-refresh reverse round large\"><\/i><\/p>\n<div data-type=\"column\" class=\"\">\n<h5 class=\"\">Reparaturen und Restaurationen<\/h5>\n<p class=\"\">Eine sanfte Renovation l\u00e4sst Antikes wieder neu erstrahlen und die Freude am Alten ist wieder unbegrenzt.<\/p>\n<\/div>\n<\/div>\n<div class=\"col-xs-12 col-sm-4 col-padding col-md-3 \"> <i class=\"fa icon shadow-large-black aligncenter color1 fa-gift reverse round large\"><\/i><\/p>\n<div data-type=\"column\" class=\"\">\n<h5 class=\"\">Geschenkideen<\/h5>\n<p class=\"\">Geschenkideen von klein bis gross<\/p>\n<\/div>\n<\/div>\n<\/div>\n<\/div>\n<\/div>\n<div id=\"about-1\" style=\"background-color: #f5fafd;\" data-label=\"About\" data-id=\"about-1\" data-export-id=\"about-1\" data-category=\"about\" class=\"about-1 content-section\">\n<div class=\"gridContainer\">\n<div class=\"row text-center\">\n<div class=\"section-title-col\" data-type=\"column\">\n<h5 class=\"\">Willkommen<\/h5>\n<h2 class=\"\">Das Schreiner-Handwerk aus Leidenschaft<\/h2>\n<p class=\"lead\">Seit mehreren Jahrzehnten steht die AB Bosshart Schreinerei f\u00fcr h\u00f6chste Qualit\u00e4t und individuelle L\u00f6sungen wenn es um M\u00f6belbau, Reparaturen, Altholzm\u00f6bel im Innen- oder Aussenbereich geht.<\/p>\n<p>In 1972 \u00fcbernahm Alfred Bosshart das Familienunternehmen und f\u00fchrte es bis 1999 mit grosser handwerklicher Leidenschaft.<br \/>\nSeit 1999 ist nun Andreas Bosshart in die Fussstapfen des Vaters getreten und hat das Unternehmen noch mehr aus- und aufgebaut.<\/p>\n<\/div>\n<\/div>\n<div class=\"row\">\n<div class=\"button-holder space-bottom space-bottom-small\" data-type=\"column\"><\/div>\n<div class=\"col-xs bottom-xs flexbox image-group-bottom-3-img space-bottom-xs center-xs\"> <img decoding=\"async\" class=\"left-img shadow-large-black\" data-size=\"500x300\" src=\"https:\/\/abosshartschreinerei.ch\/wp-content\/uploads\/2020\/10\/cropped-Prezisionsarbeit_Bearbeitung-3.jpg\" alt=\"\" title=\"cropped-Prezisionsarbeit_Bearbeitung-3.jpg\"> <img decoding=\"async\" class=\"center-img shadow-large-black\" data-size=\"500x300\" src=\"https:\/\/abosshartschreinerei.ch\/wp-content\/uploads\/2020\/10\/cropped-abosshart_schild-scaled-2.jpeg\" alt=\"\" title=\"cropped-abosshart_schild-scaled-2.jpeg\"> <img decoding=\"async\" class=\"right-img shadow-large-black\" data-size=\"500x300\" src=\"https:\/\/abosshartschreinerei.ch\/wp-content\/uploads\/2020\/10\/cropped-Holz_Bearbeitung_Beschriften-5.jpg\" alt=\"\" title=\"cropped-Holz_Bearbeitung_Beschriften-5.jpg\"><\/div>\n<\/div>\n<\/div>\n<\/div>\n<div data-label=\"Content\" data-id=\"content--1\" data-export-id=\"content-7\" data-category=\"content\" class=\"content-7 content-section content-section-spacing\" id=\"content-1\" style=\"background-color: rgb(245, 250, 253);\">\n<div class=\"gridContainer\">\n<div class=\"row middle-sm\">\n<div class=\"col-sm-6 space-bottom-xs\" data-type=\"column\">\n<h2 class=\"\">Geht nicht \u2013 gibts nicht!<\/h2>\n<p class=\"\">Mit dem Kunden zusammen werden individuelle L\u00f6sungen erarbeitet und in enger Abstimmung umgesetzt.&nbsp;<\/p>\n<p>Schauen Sie sich einige Beispiele aktueller Arbeiten an und lassen Sie sich von den endlosen M\u00f6glichkeiten inspirieren.<\/p>\n<p><a class=\"button color1\" href=\"https:\/\/abosshartschreinerei.ch\/index.php\/gallerie\" target=\"_self\" data-cp-link=\"1\" rel=\"noopener noreferrer\">Gallerie<\/a><\/p>\n<\/div>\n<div class=\"col-sm-6\" data-type=\"column\"> <img decoding=\"async\" class=\"shadow-large\" src=\"https:\/\/abosshartschreinerei.ch\/wp-content\/uploads\/2020\/10\/cropped-AC20A711-1737-4798-AC96-F381723095A8-scaled-1.jpeg\" alt=\"\" title=\"cropped-AC20A711-1737-4798-AC96-F381723095A8-scaled-1.jpeg\"><\/div>\n<\/div>\n<\/div>\n<\/div>\n<div id=\"contact-1\" data-label=\"Contact\" data-id=\"contact-1\" data-export-id=\"contact-1\" data-category=\"contact\" class=\"contact-1 content-section content-section-spacing white-text\" data-parallax-depth=\"20\">\n<div class=\"gridContainer\">\n<div class=\"row text-center\">\n<div class=\"section-title-col\" data-type=\"column\">\n<h2 class=\"\">Kontakt<\/h2>\n<p class=\"lead\">Nehmen Sie mit uns Kontakt auf, gerne besprechen wir mit Ihnen auch Ihr Vorhaben, ihre W\u00fcnsche und Tr\u00e4ume wenn es um Holzbau geht.<\/p>\n<\/div>\n<\/div>\n<div class=\"row text-center\">\n<div class=\"col-xs-12 col-sm-8 col-sm-offset-2 contact-form-wrapper inline-info\">\n<div class=\"card large-padding\">\n<div class=\"\" data-content-shortcode=\"mesmerize_contact_form shortcode=&quot;contact-form-7 id=&amp;amp;quot;5&amp;amp;quot; title=&amp;amp;quot;Kontaktformular 1&amp;amp;quot;&quot;\" data-editable=\"true\">[mesmerize_contact_form shortcode=&#187;contact-form-7 id=&amp;quot;5&amp;quot; title=&amp;quot;Kontaktformular 1&amp;quot;&#187;]<\/div>\n<\/div>\n<\/div>\n<\/div>\n<\/div>\n<\/div>\n","protected":false},"excerpt":{"rendered":"<p>Individuelle Inneneinrichtungen Sie w\u00fcnschen ein M\u00f6bel, ein Boden, oder eine neue T\u00fcre? Dabei sind wir Ihnen gerne behilflich Altholzm\u00f6bel Sie wollen Geschichte und Modernit\u00e4t zugleich? Die Vorz\u00fcge sind unverkennbar. Reparaturen und Restaurationen Eine sanfte Renovation l\u00e4sst Antikes wieder neu erstrahlen und die Freude am Alten ist wieder unbegrenzt. Geschenkideen Geschenkideen von klein bis gross Willkommen&nbsp;&hellip;<\/p>\n","protected":false},"author":1,"featured_media":0,"parent":0,"menu_order":0,"comment_status":"closed","ping_status":"closed","template":"page-templates\/homepage.php","meta":{"footnotes":""},"class_list":["post-6","page","type-page","status-publish","hentry"],"_links":{"self":[{"href":"https:\/\/abosshartschreinerei.ch\/index.php\/wp-json\/wp\/v2\/pages\/6","targetHints":{"allow":["GET"]}}],"collection":[{"href":"https:\/\/abosshartschreinerei.ch\/index.php\/wp-json\/wp\/v2\/pages"}],"about":[{"href":"https:\/\/abosshartschreinerei.ch\/index.php\/wp-json\/wp\/v2\/types\/page"}],"author":[{"embeddable":true,"href":"https:\/\/abosshartschreinerei.ch\/index.php\/wp-json\/wp\/v2\/users\/1"}],"replies":[{"embeddable":true,"href":"https:\/\/abosshartschreinerei.ch\/index.php\/wp-json\/wp\/v2\/comments?post=6"}],"version-history":[{"count":10,"href":"https:\/\/abosshartschreinerei.ch\/index.php\/wp-json\/wp\/v2\/pages\/6\/revisions"}],"predecessor-version":[{"id":212,"href":"https:\/\/abosshartschreinerei.ch\/index.php\/wp-json\/wp\/v2\/pages\/6\/revisions\/212"}],"wp:attachment":[{"href":"https:\/\/abosshartschreinerei.ch\/index.php\/wp-json\/wp\/v2\/media?parent=6"}],"curies":[{"name":"wp","href":"https:\/\/api.w.org\/{rel}","templated":true}]}}